{"id":7527,"date":"2021-03-18T09:34:07","date_gmt":"2021-03-18T08:34:07","guid":{"rendered":"https:\/\/pirovano.it\/?page_id=7527"},"modified":"2025-12-15T17:01:18","modified_gmt":"2025-12-15T16:01:18","slug":"appartamenti-pirovano-valdidentro","status":"publish","type":"page","link":"https:\/\/pirovano.it\/it\/hotel-appartamenti\/appartamenti-bormio\/appartamenti-pirovano-valdidentro\/","title":{"rendered":"Appartamenti Pirovano &#8211; Valdidentro (CIR: 014071 &#8211; CIM:00053\/54) (CIN: IT014071B4TM9U9M94)"},"content":{"rendered":"<p>La Vostra vacanza nella splendida cornice della Valdidentro, localit\u00e0 turistica estiva ed invernale delle alpi, distante\u00a0 soli 9 km da Bormio e 25 km da Livigno.<\/p>\n<p>L&#8217;<em>Associazione internazionale &#8220;Alpine Pearls&#8221;<\/em> (&#8220;Perle delle Alpi&#8221;) &#8211; sinonimo di tutela del clima e dell\u2019ambiente, nonch\u00e9 realt\u00e0 impegnata nel preservare la diversit\u00e0 culturale delle Alpi &#8211; tributa alla Valdidentro l&#8217;importante riconoscimento di valle tra le pi\u00f9 belle dell&#8217;arco alpino.<\/p>\n<p>Gli appartamenti Pirovano, di recente ristrutturazione, sono prospicienti agli impianti di risalita e vicini ai principali servizi e alle attivit\u00e0 commerciali della localit\u00e0.<\/p>\n<h3>Appartamenti Pirovano &#8211; Valdidentro<\/h3>\n<p><strong>Via Nazionale, 31 &#8211; Frazione Isolaccia, Valdidentro (SO) <a href=\"https:\/\/www.google.it\/maps\/place\/Via+Nazionale,+29,+23038+Isolaccia+SO\/@46.4879103,10.2973741,17z\/data=!3m1!4b1!4m5!3m4!1s0x47830dd809531aed:0x9e0e4acaf84530a!8m2!3d46.4879103!4d10.2995628\" target=\"_blank\" rel=\"noopener noreferrer\"><i class=\"fas fa-map-marker-alt\"><\/i>\u00a0Posizione<\/a><\/strong><\/p>\n<ul>\n<li><strong>Appartamento &#8220;Adda&#8221;<\/strong> \u00bb 5 posti letto 100m\u00b2<\/li>\n<li><strong>Appartamento &#8220;Viola&#8221;<\/strong> \u00bb 7 posti letto 100m\u00b2<\/li>\n<\/ul>\n<p><strong>Al loro interno \u00e8 presente:<\/strong> cucina completa di accessori, piatti, stoviglie, elettrodomestici (frigorifero, piastre cottura a induzione, lavastoviglie, forno, tostapane, forno a microonde, bollitore, frullatore a immersione), asciugacapelli, connessione WIFI, televisione a schermo piatto e lavatrice.<\/p>\n<p>Gli appartamenti vengono consegnati completi di set cortesia e biancheria per ogni singola persona e sono riservati a non fumatori.<\/p>\n<ul>\n<li><strong>Appartamento &#8220;Adda&#8221; <\/strong>\u00bb 5 posti letto 100 m\u00b2<strong><br \/>\n<\/strong>La\u00a0<strong>zona notte<\/strong> \u00e8 composta da 3 camere da letto di cui una matrimoniale, una camera con due letti singoli e una camera singola, tutte dotate di capiente armadio guardaroba. La <strong>zona giorno\u00a0<\/strong>dispone di un salotto, tavolo da pranzo, mobili soggiorno con TV, ampio balcone. Cucina abitabile con balconcino e un bagno completano le dotazioni.<\/li>\n<li><strong>Appartamento &#8220;Viola&#8221;<\/strong> \u00bb 6 &#8211; 7\u00a0 posti letto 100 m\u00b2<strong><br \/>\n<\/strong>La\u00a0<strong>zona notte<\/strong> \u00e8 composta da 3 camere da letto di cui una matrimoniale, una con due letti singoli e una camera singola, tutte dotate di capiente armadio guardaroba. La <strong>zona giorno\u00a0<\/strong>dispone di un salotto con divano letto matrimoniale,\u00a0 mobili soggiorno con TV, ampio balcone. Cucina abitabile con balconcino e doppi servizi completano le dotazioni.<\/li>\n<\/ul>\n<p><img loading=\"lazy\" decoding=\"async\" class=\"alignnone wp-image-7634\" src=\"https:\/\/pirovano.it\/wp-content\/uploads\/2021\/03\/ADDA.jpg\" alt=\"Layout appartamento Adda Valdidentro\" width=\"260\" height=\"364\" \/>\u2800<img loading=\"lazy\" decoding=\"async\" class=\"alignnone wp-image-7637\" src=\"https:\/\/pirovano.it\/wp-content\/uploads\/2021\/03\/VIOLA.jpg\" alt=\"Layout Appartamento Viola Valdidentro\" width=\"260\" height=\"365\" \/><\/p>\n<h6>Ulteriori informazioni<\/h6>\n<ul>\n<li><em>Il giorno di arrivo gli appartamenti sono disponibili dalle ore 14,00, il giorno di partenza devono essere liberati entro le ore 9.30<\/em><\/li>\n<li><em>Gli arrivi dopo le ore 16.30 dovranno essere comunicati anticipatamente chiamando il numero<strong>\u00a0(+39) 338 3749438<\/strong><\/em><\/li>\n<li><em>Tassa di soggiorno \u20ac 1,20 al giorno, da pagare all\u2019arrivo, applicabile per un massimo di sette giorni a decorrere dai 18 anni di et\u00e0.\u00a0<\/em><\/li>\n<li><a href=\"https:\/\/www.google.com\/maps\/place\/Via+Nazionale,+29,+23038+Isolaccia+SO\/@46.4879103,10.2973741,17z\/data=!3m1!4b1!4m5!3m4!1s0x47830dd809531aed:0x9e0e4acaf84530a!8m2!3d46.4879103!4d10.2995628\" target=\"_blank\" rel=\"noopener noreferrer\"> <i class=\"fas fa-map-marker-alt\"><\/i>\u00a0<em>Posizione<\/em><\/a><\/li>\n<\/ul>\n<hr \/>\n<ul>\n<li>\n<h4><a href=\"https:\/\/pirovano.it\/wp-content\/uploads\/2025\/12\/PIROVANO_VALDIDENTRO_APP_INVERNO_2526.pdf\">Listino appartamenti inverno 2025\/2026<\/a><\/h4>\n<\/li>\n<\/ul>\n<hr \/>\n<h4><strong>Traveller awards<\/strong><\/h4>\n<p><img loading=\"lazy\" decoding=\"async\" class=\"wp-image-6541 alignleft\" src=\"https:\/\/pirovano.it\/wp-content\/uploads\/2020\/05\/Appartamenti-Pirovano-300x300.png\" alt=\"\" width=\"165\" height=\"165\" srcset=\"https:\/\/pirovano.it\/wp-content\/uploads\/2020\/05\/Appartamenti-Pirovano-300x300.png 300w, https:\/\/pirovano.it\/wp-content\/uploads\/2020\/05\/Appartamenti-Pirovano-150x150.png 150w, https:\/\/pirovano.it\/wp-content\/uploads\/2020\/05\/Appartamenti-Pirovano-500x500.png 500w, https:\/\/pirovano.it\/wp-content\/uploads\/2020\/05\/Appartamenti-Pirovano-96x96.png 96w, https:\/\/pirovano.it\/wp-content\/uploads\/2020\/05\/Appartamenti-Pirovano.png 600w\" sizes=\"auto, (max-width: 165px) 100vw, 165px\" \/> <img loading=\"lazy\" decoding=\"async\" class=\"alignnone wp-image-6584\" src=\"https:\/\/pirovano.it\/wp-content\/uploads\/2020\/06\/Appartamenti-Pirovano-232x300.jpg\" alt=\"\" width=\"133\" height=\"172\" srcset=\"https:\/\/pirovano.it\/wp-content\/uploads\/2020\/06\/Appartamenti-Pirovano-232x300.jpg 232w, https:\/\/pirovano.it\/wp-content\/uploads\/2020\/06\/Appartamenti-Pirovano-791x1024.jpg 791w, https:\/\/pirovano.it\/wp-content\/uploads\/2020\/06\/Appartamenti-Pirovano-768x994.jpg 768w, https:\/\/pirovano.it\/wp-content\/uploads\/2020\/06\/Appartamenti-Pirovano-1187x1536.jpg 1187w, https:\/\/pirovano.it\/wp-content\/uploads\/2020\/06\/Appartamenti-Pirovano-1583x2048.jpg 1583w, https:\/\/pirovano.it\/wp-content\/uploads\/2020\/06\/Appartamenti-Pirovano-823x1065.jpg 823w, https:\/\/pirovano.it\/wp-content\/uploads\/2020\/06\/Appartamenti-Pirovano-scaled.jpg 1978w\" sizes=\"auto, (max-width: 133px) 100vw, 133px\" \/><\/p>\n<hr \/>\n<h4><strong><em>Casa vacanze gestita in forma imprenditoriale. CIR: 014071- CIM 00053\/54<\/em><\/strong><\/h4>\n","protected":false},"excerpt":{"rendered":"<p>La Vostra vacanza nella splendida cornice della Valdidentro, localit\u00e0 turistica estiva ed invernale delle alpi, distante\u00a0 soli 9 km da Bormio e 25 km da Livigno. L&#8217;Associazione internazionale &#8220;Alpine Pearls&#8221; (&#8220;Perle delle Alpi&#8221;) &#8211; sinonimo di tutela del clima e dell\u2019ambiente, nonch\u00e9 realt\u00e0 impegnata nel preservare la diversit\u00e0 culturale delle Alpi &#8211; tributa alla Valdidentro [&hellip;]<\/p>\n","protected":false},"author":2,"featured_media":7546,"parent":270,"menu_order":0,"comment_status":"closed","ping_status":"closed","template":"","meta":{"footnotes":""},"class_list":["post-7527","page","type-page","status-publish","has-post-thumbnail","hentry","odd"],"yoast_head":"<!-- This site is optimized with the Yoast SEO plugin v27.3 - https:\/\/yoast.com\/product\/yoast-seo-wordpress\/ -->\n<title>Appartamenti Pirovano \u2013 Valdidentro<\/title>\n<meta name=\"description\" content=\"Appartamenti Pirovano \u2013 Valdidentro. Estate e Inverno\" \/>\n<meta name=\"robots\" content=\"index, follow, max-snippet:-1, max-image-preview:large, max-video-preview:-1\" \/>\n<link rel=\"canonical\" href=\"https:\/\/pirovano.it\/it\/hotel-appartamenti\/appartamenti-bormio\/appartamenti-pirovano-valdidentro\/\" \/>\n<meta property=\"og:locale\" content=\"it_IT\" \/>\n<meta property=\"og:type\" content=\"article\" \/>\n<meta property=\"og:title\" content=\"Appartamenti Pirovano \u2013 Valdidentro\" \/>\n<meta property=\"og:description\" content=\"Appartamenti Pirovano \u2013 Valdidentro. Estate e Inverno\" \/>\n<meta property=\"og:url\" content=\"https:\/\/pirovano.it\/it\/hotel-appartamenti\/appartamenti-bormio\/appartamenti-pirovano-valdidentro\/\" \/>\n<meta property=\"og:site_name\" content=\"Pirovano\" \/>\n<meta property=\"article:modified_time\" content=\"2025-12-15T16:01:18+00:00\" \/>\n<meta property=\"og:image\" content=\"https:\/\/pirovano.it\/wp-content\/uploads\/2021\/03\/20200812_100637-scaled.jpg\" \/>\n\t<meta property=\"og:image:width\" content=\"2560\" \/>\n\t<meta property=\"og:image:height\" content=\"1920\" \/>\n\t<meta property=\"og:image:type\" content=\"image\/jpeg\" \/>\n<meta name=\"twitter:card\" content=\"summary_large_image\" \/>\n<meta name=\"twitter:label1\" content=\"Tempo di lettura stimato\" \/>\n\t<meta name=\"twitter:data1\" content=\"3 minuti\" \/>\n<script type=\"application\/ld+json\" class=\"yoast-schema-graph\">{\"@context\":\"https:\\\/\\\/schema.org\",\"@graph\":[{\"@type\":\"WebPage\",\"@id\":\"https:\\\/\\\/pirovano.it\\\/it\\\/hotel-appartamenti\\\/appartamenti-bormio\\\/appartamenti-pirovano-valdidentro\\\/\",\"url\":\"https:\\\/\\\/pirovano.it\\\/it\\\/hotel-appartamenti\\\/appartamenti-bormio\\\/appartamenti-pirovano-valdidentro\\\/\",\"name\":\"Appartamenti Pirovano \u2013 Valdidentro\",\"isPartOf\":{\"@id\":\"https:\\\/\\\/pirovano.it\\\/it\\\/#website\"},\"primaryImageOfPage\":{\"@id\":\"https:\\\/\\\/pirovano.it\\\/it\\\/hotel-appartamenti\\\/appartamenti-bormio\\\/appartamenti-pirovano-valdidentro\\\/#primaryimage\"},\"image\":{\"@id\":\"https:\\\/\\\/pirovano.it\\\/it\\\/hotel-appartamenti\\\/appartamenti-bormio\\\/appartamenti-pirovano-valdidentro\\\/#primaryimage\"},\"thumbnailUrl\":\"https:\\\/\\\/pirovano.it\\\/wp-content\\\/uploads\\\/2021\\\/03\\\/20200812_100637-scaled.jpg\",\"datePublished\":\"2021-03-18T08:34:07+00:00\",\"dateModified\":\"2025-12-15T16:01:18+00:00\",\"description\":\"Appartamenti Pirovano \u2013 Valdidentro. Estate e Inverno\",\"breadcrumb\":{\"@id\":\"https:\\\/\\\/pirovano.it\\\/it\\\/hotel-appartamenti\\\/appartamenti-bormio\\\/appartamenti-pirovano-valdidentro\\\/#breadcrumb\"},\"inLanguage\":\"it-IT\",\"potentialAction\":[{\"@type\":\"ReadAction\",\"target\":[\"https:\\\/\\\/pirovano.it\\\/it\\\/hotel-appartamenti\\\/appartamenti-bormio\\\/appartamenti-pirovano-valdidentro\\\/\"]}]},{\"@type\":\"ImageObject\",\"inLanguage\":\"it-IT\",\"@id\":\"https:\\\/\\\/pirovano.it\\\/it\\\/hotel-appartamenti\\\/appartamenti-bormio\\\/appartamenti-pirovano-valdidentro\\\/#primaryimage\",\"url\":\"https:\\\/\\\/pirovano.it\\\/wp-content\\\/uploads\\\/2021\\\/03\\\/20200812_100637-scaled.jpg\",\"contentUrl\":\"https:\\\/\\\/pirovano.it\\\/wp-content\\\/uploads\\\/2021\\\/03\\\/20200812_100637-scaled.jpg\",\"width\":2560,\"height\":1920},{\"@type\":\"BreadcrumbList\",\"@id\":\"https:\\\/\\\/pirovano.it\\\/it\\\/hotel-appartamenti\\\/appartamenti-bormio\\\/appartamenti-pirovano-valdidentro\\\/#breadcrumb\",\"itemListElement\":[{\"@type\":\"ListItem\",\"position\":1,\"name\":\"Home\",\"item\":\"https:\\\/\\\/pirovano.it\\\/it\\\/\"},{\"@type\":\"ListItem\",\"position\":2,\"name\":\"Hotel e Appartamenti allo Stelvio, a Bormio e a Isolaccia-Valdidentro\",\"item\":\"https:\\\/\\\/pirovano.it\\\/it\\\/hotel-appartamenti\\\/\"},{\"@type\":\"ListItem\",\"position\":3,\"name\":\"Vacanze per tutte le stagioni nel cuore di Bormio\",\"item\":\"https:\\\/\\\/pirovano.it\\\/it\\\/hotel-appartamenti\\\/appartamenti-bormio\\\/\"},{\"@type\":\"ListItem\",\"position\":4,\"name\":\"Appartamenti Pirovano &#8211; Valdidentro (CIR: 014071 &#8211; CIM:00053\\\/54) (CIN: IT014071B4TM9U9M94)\"}]},{\"@type\":\"WebSite\",\"@id\":\"https:\\\/\\\/pirovano.it\\\/it\\\/#website\",\"url\":\"https:\\\/\\\/pirovano.it\\\/it\\\/\",\"name\":\"Pirovano\",\"description\":\"Universit\u00e0 dello Sci, dello Snowboard e della Montagna\",\"potentialAction\":[{\"@type\":\"SearchAction\",\"target\":{\"@type\":\"EntryPoint\",\"urlTemplate\":\"https:\\\/\\\/pirovano.it\\\/it\\\/?s={search_term_string}\"},\"query-input\":{\"@type\":\"PropertyValueSpecification\",\"valueRequired\":true,\"valueName\":\"search_term_string\"}}],\"inLanguage\":\"it-IT\"}]}<\/script>\n<!-- \/ Yoast SEO plugin. -->","yoast_head_json":{"title":"Appartamenti Pirovano \u2013 Valdidentro","description":"Appartamenti Pirovano \u2013 Valdidentro. Estate e Inverno","robots":{"index":"index","follow":"follow","max-snippet":"max-snippet:-1","max-image-preview":"max-image-preview:large","max-video-preview":"max-video-preview:-1"},"canonical":"https:\/\/pirovano.it\/it\/hotel-appartamenti\/appartamenti-bormio\/appartamenti-pirovano-valdidentro\/","og_locale":"it_IT","og_type":"article","og_title":"Appartamenti Pirovano \u2013 Valdidentro","og_description":"Appartamenti Pirovano \u2013 Valdidentro. Estate e Inverno","og_url":"https:\/\/pirovano.it\/it\/hotel-appartamenti\/appartamenti-bormio\/appartamenti-pirovano-valdidentro\/","og_site_name":"Pirovano","article_modified_time":"2025-12-15T16:01:18+00:00","og_image":[{"width":2560,"height":1920,"url":"https:\/\/pirovano.it\/wp-content\/uploads\/2021\/03\/20200812_100637-scaled.jpg","type":"image\/jpeg"}],"twitter_card":"summary_large_image","twitter_misc":{"Tempo di lettura stimato":"3 minuti"},"schema":{"@context":"https:\/\/schema.org","@graph":[{"@type":"WebPage","@id":"https:\/\/pirovano.it\/it\/hotel-appartamenti\/appartamenti-bormio\/appartamenti-pirovano-valdidentro\/","url":"https:\/\/pirovano.it\/it\/hotel-appartamenti\/appartamenti-bormio\/appartamenti-pirovano-valdidentro\/","name":"Appartamenti Pirovano \u2013 Valdidentro","isPartOf":{"@id":"https:\/\/pirovano.it\/it\/#website"},"primaryImageOfPage":{"@id":"https:\/\/pirovano.it\/it\/hotel-appartamenti\/appartamenti-bormio\/appartamenti-pirovano-valdidentro\/#primaryimage"},"image":{"@id":"https:\/\/pirovano.it\/it\/hotel-appartamenti\/appartamenti-bormio\/appartamenti-pirovano-valdidentro\/#primaryimage"},"thumbnailUrl":"https:\/\/pirovano.it\/wp-content\/uploads\/2021\/03\/20200812_100637-scaled.jpg","datePublished":"2021-03-18T08:34:07+00:00","dateModified":"2025-12-15T16:01:18+00:00","description":"Appartamenti Pirovano \u2013 Valdidentro. Estate e Inverno","breadcrumb":{"@id":"https:\/\/pirovano.it\/it\/hotel-appartamenti\/appartamenti-bormio\/appartamenti-pirovano-valdidentro\/#breadcrumb"},"inLanguage":"it-IT","potentialAction":[{"@type":"ReadAction","target":["https:\/\/pirovano.it\/it\/hotel-appartamenti\/appartamenti-bormio\/appartamenti-pirovano-valdidentro\/"]}]},{"@type":"ImageObject","inLanguage":"it-IT","@id":"https:\/\/pirovano.it\/it\/hotel-appartamenti\/appartamenti-bormio\/appartamenti-pirovano-valdidentro\/#primaryimage","url":"https:\/\/pirovano.it\/wp-content\/uploads\/2021\/03\/20200812_100637-scaled.jpg","contentUrl":"https:\/\/pirovano.it\/wp-content\/uploads\/2021\/03\/20200812_100637-scaled.jpg","width":2560,"height":1920},{"@type":"BreadcrumbList","@id":"https:\/\/pirovano.it\/it\/hotel-appartamenti\/appartamenti-bormio\/appartamenti-pirovano-valdidentro\/#breadcrumb","itemListElement":[{"@type":"ListItem","position":1,"name":"Home","item":"https:\/\/pirovano.it\/it\/"},{"@type":"ListItem","position":2,"name":"Hotel e Appartamenti allo Stelvio, a Bormio e a Isolaccia-Valdidentro","item":"https:\/\/pirovano.it\/it\/hotel-appartamenti\/"},{"@type":"ListItem","position":3,"name":"Vacanze per tutte le stagioni nel cuore di Bormio","item":"https:\/\/pirovano.it\/it\/hotel-appartamenti\/appartamenti-bormio\/"},{"@type":"ListItem","position":4,"name":"Appartamenti Pirovano &#8211; Valdidentro (CIR: 014071 &#8211; CIM:00053\/54) (CIN: IT014071B4TM9U9M94)"}]},{"@type":"WebSite","@id":"https:\/\/pirovano.it\/it\/#website","url":"https:\/\/pirovano.it\/it\/","name":"Pirovano","description":"Universit\u00e0 dello Sci, dello Snowboard e della Montagna","potentialAction":[{"@type":"SearchAction","target":{"@type":"EntryPoint","urlTemplate":"https:\/\/pirovano.it\/it\/?s={search_term_string}"},"query-input":{"@type":"PropertyValueSpecification","valueRequired":true,"valueName":"search_term_string"}}],"inLanguage":"it-IT"}]}},"_links":{"self":[{"href":"https:\/\/pirovano.it\/it\/wp-json\/wp\/v2\/pages\/7527","targetHints":{"allow":["GET"]}}],"collection":[{"href":"https:\/\/pirovano.it\/it\/wp-json\/wp\/v2\/pages"}],"about":[{"href":"https:\/\/pirovano.it\/it\/wp-json\/wp\/v2\/types\/page"}],"author":[{"embeddable":true,"href":"https:\/\/pirovano.it\/it\/wp-json\/wp\/v2\/users\/2"}],"replies":[{"embeddable":true,"href":"https:\/\/pirovano.it\/it\/wp-json\/wp\/v2\/comments?post=7527"}],"version-history":[{"count":82,"href":"https:\/\/pirovano.it\/it\/wp-json\/wp\/v2\/pages\/7527\/revisions"}],"predecessor-version":[{"id":14173,"href":"https:\/\/pirovano.it\/it\/wp-json\/wp\/v2\/pages\/7527\/revisions\/14173"}],"up":[{"embeddable":true,"href":"https:\/\/pirovano.it\/it\/wp-json\/wp\/v2\/pages\/270"}],"wp:featuredmedia":[{"embeddable":true,"href":"https:\/\/pirovano.it\/it\/wp-json\/wp\/v2\/media\/7546"}],"wp:attachment":[{"href":"https:\/\/pirovano.it\/it\/wp-json\/wp\/v2\/media?parent=7527"}],"curies":[{"name":"wp","href":"https:\/\/api.w.org\/{rel}","templated":true}]}}