{"id":964,"date":"2018-03-11T23:24:52","date_gmt":"2018-03-11T23:24:52","guid":{"rendered":"http:\/\/pirovano.webfactional.com\/skiarea\/mappa\/"},"modified":"2018-03-11T23:24:52","modified_gmt":"2018-03-11T23:24:52","slug":"mappa","status":"publish","type":"page","link":"https:\/\/pirovano.it\/it\/skiarea\/mappa\/","title":{"rendered":"Mappa"},"content":{"rendered":"<p>Piste da sci e impianti di risalita al Passo dello Stelvio &#8211; <a href=\"http:\/\/pirovano.webfactional.com\/wp-content\/uploads\/2018\/03\/passo-stelvio_skimap_piantina-piste.jpg\">Scarica in alta risoluzione<\/a><\/p>\n<p><a href=\"http:\/\/pirovano.webfactional.com\/wp-content\/uploads\/2018\/03\/passo-stelvio_skimap_piantina-piste.jpg\"><img loading=\"lazy\" decoding=\"async\" class=\"alignnone wp-image-324 size-large\" src=\"http:\/\/pirovano.webfactional.com\/wp-content\/uploads\/2018\/03\/passo-stelvio_skimap_piantina-piste-1024x593.jpg\" alt=\"piantinapiste sci passo stelvio skimap\" width=\"1024\" height=\"593\" srcset=\"https:\/\/pirovano.it\/wp-content\/uploads\/2018\/03\/passo-stelvio_skimap_piantina-piste-1024x593.jpg 1024w, https:\/\/pirovano.it\/wp-content\/uploads\/2018\/03\/passo-stelvio_skimap_piantina-piste-300x174.jpg 300w, https:\/\/pirovano.it\/wp-content\/uploads\/2018\/03\/passo-stelvio_skimap_piantina-piste-768x445.jpg 768w, https:\/\/pirovano.it\/wp-content\/uploads\/2018\/03\/passo-stelvio_skimap_piantina-piste.jpg 1600w\" sizes=\"auto, (max-width: 1024px) 100vw, 1024px\" \/><\/a><\/p>\n<p>L&#8217;apertura al pubblico di impianti e piste pu\u00f2 variare di giorno in giorno in base a condizioni meteo e di innevamento. Per informazioni aggiornate in tempo reale \u00e8 possibile contattare la societ\u00e0 impianti al numero <strong>0342 903223<\/strong> o tramite il sito <a href=\"http:\/\/www.passostelvio.eu\" target=\"_blank\" rel=\"noopener\">www.passostelvio.eu<\/a><\/p>\n","protected":false},"excerpt":{"rendered":"<p>Piste da sci e impianti di risalita al Passo dello Stelvio &#8211; Scarica in alta risoluzione L&#8217;apertura al pubblico di impianti e piste pu\u00f2 variare di giorno in giorno in base a condizioni meteo e di innevamento. Per informazioni aggiornate in tempo reale \u00e8 possibile contattare la societ\u00e0 impianti al numero 0342 903223 o tramite [&hellip;]<\/p>\n","protected":false},"author":2,"featured_media":0,"parent":960,"menu_order":0,"comment_status":"closed","ping_status":"closed","template":"","meta":{"footnotes":""},"class_list":["post-964","page","type-page","status-publish","hentry","odd"],"yoast_head":"<!-- This site is optimized with the Yoast SEO plugin v27.3 - https:\/\/yoast.com\/product\/yoast-seo-wordpress\/ -->\n<title>Mappa - Pirovano<\/title>\n<meta name=\"robots\" content=\"index, follow, max-snippet:-1, max-image-preview:large, max-video-preview:-1\" \/>\n<link rel=\"canonical\" href=\"https:\/\/pirovano.it\/it\/skiarea\/mappa\/\" \/>\n<meta property=\"og:locale\" content=\"it_IT\" \/>\n<meta property=\"og:type\" content=\"article\" \/>\n<meta property=\"og:title\" content=\"Mappa - Pirovano\" \/>\n<meta property=\"og:description\" content=\"Piste da sci e impianti di risalita al Passo dello Stelvio &#8211; Scarica in alta risoluzione L&#8217;apertura al pubblico di impianti e piste pu\u00f2 variare di giorno in giorno in base a condizioni meteo e di innevamento. Per informazioni aggiornate in tempo reale \u00e8 possibile contattare la societ\u00e0 impianti al numero 0342 903223 o tramite [&hellip;]\" \/>\n<meta property=\"og:url\" content=\"https:\/\/pirovano.it\/it\/skiarea\/mappa\/\" \/>\n<meta property=\"og:site_name\" content=\"Pirovano\" \/>\n<meta property=\"og:image\" content=\"http:\/\/pirovano.webfactional.com\/wp-content\/uploads\/2018\/03\/passo-stelvio_skimap_piantina-piste-1024x593.jpg\" \/>\n<meta name=\"twitter:card\" content=\"summary_large_image\" \/>\n<script type=\"application\/ld+json\" class=\"yoast-schema-graph\">{\"@context\":\"https:\\\/\\\/schema.org\",\"@graph\":[{\"@type\":\"WebPage\",\"@id\":\"https:\\\/\\\/pirovano.it\\\/it\\\/skiarea\\\/mappa\\\/\",\"url\":\"https:\\\/\\\/pirovano.it\\\/it\\\/skiarea\\\/mappa\\\/\",\"name\":\"Mappa - Pirovano\",\"isPartOf\":{\"@id\":\"https:\\\/\\\/pirovano.it\\\/it\\\/#website\"},\"primaryImageOfPage\":{\"@id\":\"https:\\\/\\\/pirovano.it\\\/it\\\/skiarea\\\/mappa\\\/#primaryimage\"},\"image\":{\"@id\":\"https:\\\/\\\/pirovano.it\\\/it\\\/skiarea\\\/mappa\\\/#primaryimage\"},\"thumbnailUrl\":\"http:\\\/\\\/pirovano.webfactional.com\\\/wp-content\\\/uploads\\\/2018\\\/03\\\/passo-stelvio_skimap_piantina-piste-1024x593.jpg\",\"datePublished\":\"2018-03-11T23:24:52+00:00\",\"breadcrumb\":{\"@id\":\"https:\\\/\\\/pirovano.it\\\/it\\\/skiarea\\\/mappa\\\/#breadcrumb\"},\"inLanguage\":\"it-IT\",\"potentialAction\":[{\"@type\":\"ReadAction\",\"target\":[\"https:\\\/\\\/pirovano.it\\\/it\\\/skiarea\\\/mappa\\\/\"]}]},{\"@type\":\"ImageObject\",\"inLanguage\":\"it-IT\",\"@id\":\"https:\\\/\\\/pirovano.it\\\/it\\\/skiarea\\\/mappa\\\/#primaryimage\",\"url\":\"http:\\\/\\\/pirovano.webfactional.com\\\/wp-content\\\/uploads\\\/2018\\\/03\\\/passo-stelvio_skimap_piantina-piste-1024x593.jpg\",\"contentUrl\":\"http:\\\/\\\/pirovano.webfactional.com\\\/wp-content\\\/uploads\\\/2018\\\/03\\\/passo-stelvio_skimap_piantina-piste-1024x593.jpg\"},{\"@type\":\"BreadcrumbList\",\"@id\":\"https:\\\/\\\/pirovano.it\\\/it\\\/skiarea\\\/mappa\\\/#breadcrumb\",\"itemListElement\":[{\"@type\":\"ListItem\",\"position\":1,\"name\":\"Home\",\"item\":\"https:\\\/\\\/pirovano.it\\\/it\\\/\"},{\"@type\":\"ListItem\",\"position\":2,\"name\":\"Stelvio Skiarea for summer and autumn skiing\",\"item\":\"https:\\\/\\\/pirovano.it\\\/en\\\/skiarea\\\/\"},{\"@type\":\"ListItem\",\"position\":3,\"name\":\"Mappa\"}]},{\"@type\":\"WebSite\",\"@id\":\"https:\\\/\\\/pirovano.it\\\/it\\\/#website\",\"url\":\"https:\\\/\\\/pirovano.it\\\/it\\\/\",\"name\":\"Pirovano\",\"description\":\"Universit\u00e0 dello Sci, dello Snowboard e della Montagna\",\"potentialAction\":[{\"@type\":\"SearchAction\",\"target\":{\"@type\":\"EntryPoint\",\"urlTemplate\":\"https:\\\/\\\/pirovano.it\\\/it\\\/?s={search_term_string}\"},\"query-input\":{\"@type\":\"PropertyValueSpecification\",\"valueRequired\":true,\"valueName\":\"search_term_string\"}}],\"inLanguage\":\"it-IT\"}]}<\/script>\n<!-- \/ Yoast SEO plugin. -->","yoast_head_json":{"title":"Mappa - Pirovano","robots":{"index":"index","follow":"follow","max-snippet":"max-snippet:-1","max-image-preview":"max-image-preview:large","max-video-preview":"max-video-preview:-1"},"canonical":"https:\/\/pirovano.it\/it\/skiarea\/mappa\/","og_locale":"it_IT","og_type":"article","og_title":"Mappa - Pirovano","og_description":"Piste da sci e impianti di risalita al Passo dello Stelvio &#8211; Scarica in alta risoluzione L&#8217;apertura al pubblico di impianti e piste pu\u00f2 variare di giorno in giorno in base a condizioni meteo e di innevamento. Per informazioni aggiornate in tempo reale \u00e8 possibile contattare la societ\u00e0 impianti al numero 0342 903223 o tramite [&hellip;]","og_url":"https:\/\/pirovano.it\/it\/skiarea\/mappa\/","og_site_name":"Pirovano","og_image":[{"url":"http:\/\/pirovano.webfactional.com\/wp-content\/uploads\/2018\/03\/passo-stelvio_skimap_piantina-piste-1024x593.jpg","type":"","width":"","height":""}],"twitter_card":"summary_large_image","schema":{"@context":"https:\/\/schema.org","@graph":[{"@type":"WebPage","@id":"https:\/\/pirovano.it\/it\/skiarea\/mappa\/","url":"https:\/\/pirovano.it\/it\/skiarea\/mappa\/","name":"Mappa - Pirovano","isPartOf":{"@id":"https:\/\/pirovano.it\/it\/#website"},"primaryImageOfPage":{"@id":"https:\/\/pirovano.it\/it\/skiarea\/mappa\/#primaryimage"},"image":{"@id":"https:\/\/pirovano.it\/it\/skiarea\/mappa\/#primaryimage"},"thumbnailUrl":"http:\/\/pirovano.webfactional.com\/wp-content\/uploads\/2018\/03\/passo-stelvio_skimap_piantina-piste-1024x593.jpg","datePublished":"2018-03-11T23:24:52+00:00","breadcrumb":{"@id":"https:\/\/pirovano.it\/it\/skiarea\/mappa\/#breadcrumb"},"inLanguage":"it-IT","potentialAction":[{"@type":"ReadAction","target":["https:\/\/pirovano.it\/it\/skiarea\/mappa\/"]}]},{"@type":"ImageObject","inLanguage":"it-IT","@id":"https:\/\/pirovano.it\/it\/skiarea\/mappa\/#primaryimage","url":"http:\/\/pirovano.webfactional.com\/wp-content\/uploads\/2018\/03\/passo-stelvio_skimap_piantina-piste-1024x593.jpg","contentUrl":"http:\/\/pirovano.webfactional.com\/wp-content\/uploads\/2018\/03\/passo-stelvio_skimap_piantina-piste-1024x593.jpg"},{"@type":"BreadcrumbList","@id":"https:\/\/pirovano.it\/it\/skiarea\/mappa\/#breadcrumb","itemListElement":[{"@type":"ListItem","position":1,"name":"Home","item":"https:\/\/pirovano.it\/it\/"},{"@type":"ListItem","position":2,"name":"Stelvio Skiarea for summer and autumn skiing","item":"https:\/\/pirovano.it\/en\/skiarea\/"},{"@type":"ListItem","position":3,"name":"Mappa"}]},{"@type":"WebSite","@id":"https:\/\/pirovano.it\/it\/#website","url":"https:\/\/pirovano.it\/it\/","name":"Pirovano","description":"Universit\u00e0 dello Sci, dello Snowboard e della Montagna","potentialAction":[{"@type":"SearchAction","target":{"@type":"EntryPoint","urlTemplate":"https:\/\/pirovano.it\/it\/?s={search_term_string}"},"query-input":{"@type":"PropertyValueSpecification","valueRequired":true,"valueName":"search_term_string"}}],"inLanguage":"it-IT"}]}},"_links":{"self":[{"href":"https:\/\/pirovano.it\/it\/wp-json\/wp\/v2\/pages\/964","targetHints":{"allow":["GET"]}}],"collection":[{"href":"https:\/\/pirovano.it\/it\/wp-json\/wp\/v2\/pages"}],"about":[{"href":"https:\/\/pirovano.it\/it\/wp-json\/wp\/v2\/types\/page"}],"author":[{"embeddable":true,"href":"https:\/\/pirovano.it\/it\/wp-json\/wp\/v2\/users\/2"}],"replies":[{"embeddable":true,"href":"https:\/\/pirovano.it\/it\/wp-json\/wp\/v2\/comments?post=964"}],"version-history":[{"count":0,"href":"https:\/\/pirovano.it\/it\/wp-json\/wp\/v2\/pages\/964\/revisions"}],"up":[{"embeddable":true,"href":"https:\/\/pirovano.it\/it\/wp-json\/wp\/v2\/pages\/960"}],"wp:attachment":[{"href":"https:\/\/pirovano.it\/it\/wp-json\/wp\/v2\/media?parent=964"}],"curies":[{"name":"wp","href":"https:\/\/api.w.org\/{rel}","templated":true}]}}